{"id":11,"date":"2025-06-11T19:26:12","date_gmt":"2025-06-11T19:26:12","guid":{"rendered":"https:\/\/harditec.ee\/?page_id=11"},"modified":"2025-06-29T19:19:09","modified_gmt":"2025-06-29T19:19:09","slug":"elementor-11","status":"publish","type":"page","link":"https:\/\/harditec.ee\/","title":{"rendered":"Esileht"},"content":{"rendered":"\t\t<div data-elementor-type=\"wp-page\" data-elementor-id=\"11\" class=\"elementor elementor-11\" data-elementor-post-type=\"page\">\n\t\t\t\t<div class=\"elementor-element elementor-element-c6dac4b e-flex e-con-boxed e-con e-parent\" data-id=\"c6dac4b\" data-element_type=\"container\">\n\t\t\t\t\t<div class=\"e-con-inner\">\n\t\t\t\t<div class=\"elementor-element elementor-element-2377765 elementor-widget elementor-widget-image\" data-id=\"2377765\" data-element_type=\"widget\" data-widget_type=\"image.default\">\n\t\t\t\t<div class=\"elementor-widget-container\">\n\t\t\t\t\t\t\t\t\t\t\t\t\t\t\t<img fetchpriority=\"high\" decoding=\"async\" width=\"1280\" height=\"1024\" src=\"https:\/\/harditec.ee\/wp-content\/uploads\/2025\/06\/FullLogo_Transparent-2.png\" class=\"attachment-full size-full wp-image-90\" alt=\"\" \/>\t\t\t\t\t\t\t\t\t\t\t\t\t\t\t<\/div>\n\t\t\t\t<\/div>\n\t\t\t\t\t<\/div>\n\t\t\t\t<\/div>\n\t\t<div class=\"elementor-element elementor-element-9ba1f7a e-flex e-con-boxed e-con e-parent\" data-id=\"9ba1f7a\" data-element_type=\"container\" data-settings=\"{&quot;background_background&quot;:&quot;classic&quot;}\">\n\t\t\t\t\t<div class=\"e-con-inner\">\n\t\t<div class=\"elementor-element elementor-element-e867a12 e-con-full e-flex e-con e-child\" data-id=\"e867a12\" data-element_type=\"container\">\n\t\t\t\t<div class=\"elementor-element elementor-element-9abe94f elementor-widget elementor-widget-heading\" data-id=\"9abe94f\" data-element_type=\"widget\" data-widget_type=\"heading.default\">\n\t\t\t\t<div class=\"elementor-widget-container\">\n\t\t\t\t\t<h2 class=\"elementor-heading-title elementor-size-default\">IT ja videovalve<\/h2>\t\t\t\t<\/div>\n\t\t\t\t<\/div>\n\t\t\t\t<div class=\"elementor-element elementor-element-fabda53 elementor-widget elementor-widget-text-editor\" data-id=\"fabda53\" data-element_type=\"widget\" data-widget_type=\"text-editor.default\">\n\t\t\t\t<div class=\"elementor-widget-container\">\n\t\t\t\t\t\t\t\t\t<p>Videovalve lahendused<br>Arvutiv\u00f5rkude ehitus ja haldus<br>Veebilehtede tegemine<br>Voogedastus lahendused<br>Serverid<\/p>\t\t\t\t\t\t\t\t<\/div>\n\t\t\t\t<\/div>\n\t\t\t\t<\/div>\n\t\t<div class=\"elementor-element elementor-element-3535ac8 e-con-full e-flex e-con e-child\" data-id=\"3535ac8\" data-element_type=\"container\">\n\t\t\t\t<div class=\"elementor-element elementor-element-3b62b96 elementor-widget elementor-widget-heading\" data-id=\"3b62b96\" data-element_type=\"widget\" data-widget_type=\"heading.default\">\n\t\t\t\t<div class=\"elementor-widget-container\">\n\t\t\t\t\t<h2 class=\"elementor-heading-title elementor-size-default\">Koduautommatika  ja elektroonika <\/h2>\t\t\t\t<\/div>\n\t\t\t\t<\/div>\n\t\t\t\t<div class=\"elementor-element elementor-element-eb10620 elementor-widget elementor-widget-text-editor\" data-id=\"eb10620\" data-element_type=\"widget\" data-widget_type=\"text-editor.default\">\n\t\t\t\t<div class=\"elementor-widget-container\">\n\t\t\t\t\t\t\t\t\t<p>Seadmete automatiseerimine ja kaughaldus<br \/>elektroonika erilahendused<\/p>\t\t\t\t\t\t\t\t<\/div>\n\t\t\t\t<\/div>\n\t\t\t\t<\/div>\n\t\t<div class=\"elementor-element elementor-element-4ecd6f2 e-con-full e-flex e-con e-child\" data-id=\"4ecd6f2\" data-element_type=\"container\">\n\t\t\t\t<div class=\"elementor-element elementor-element-88486cd elementor-widget elementor-widget-heading\" data-id=\"88486cd\" data-element_type=\"widget\" data-widget_type=\"heading.default\">\n\t\t\t\t<div class=\"elementor-widget-container\">\n\t\t\t\t\t<h2 class=\"elementor-heading-title elementor-size-default\">Heli ja valgus installatsioon<\/h2>\t\t\t\t<\/div>\n\t\t\t\t<\/div>\n\t\t\t\t<div class=\"elementor-element elementor-element-f826ee1 elementor-widget elementor-widget-text-editor\" data-id=\"f826ee1\" data-element_type=\"widget\" data-widget_type=\"text-editor.default\">\n\t\t\t\t<div class=\"elementor-widget-container\">\n\t\t\t\t\t\t\t\t\t<p>Kodu ja \u00e4rihoonete heli lahendused<\/p>\t\t\t\t\t\t\t\t<\/div>\n\t\t\t\t<\/div>\n\t\t\t\t<\/div>\n\t\t\t\t\t<\/div>\n\t\t\t\t<\/div>\n\t\t<div class=\"elementor-element elementor-element-0007afa e-flex e-con-boxed e-con e-parent\" data-id=\"0007afa\" data-element_type=\"container\">\n\t\t\t\t\t<div class=\"e-con-inner\">\n\t\t\t\t<div class=\"elementor-element elementor-element-ff5c564 elementor-widget elementor-widget-spacer\" data-id=\"ff5c564\" data-element_type=\"widget\" data-widget_type=\"spacer.default\">\n\t\t\t\t<div class=\"elementor-widget-container\">\n\t\t\t\t\t\t\t<div class=\"elementor-spacer\">\n\t\t\t<div class=\"elementor-spacer-inner\"><\/div>\n\t\t<\/div>\n\t\t\t\t\t\t<\/div>\n\t\t\t\t<\/div>\n\t\t\t\t<div class=\"elementor-element elementor-element-129f76d elementor-widget elementor-widget-heading\" data-id=\"129f76d\" data-element_type=\"widget\" data-widget_type=\"heading.default\">\n\t\t\t\t<div class=\"elementor-widget-container\">\n\t\t\t\t\t<h2 class=\"elementor-heading-title elementor-size-default\"><a href=\"mailto:hardi@harditec.ee\">V\u00f5ta \u00fchendust hardi@harditec.ee<\/a><\/h2>\t\t\t\t<\/div>\n\t\t\t\t<\/div>\n\t\t\t\t<div class=\"elementor-element elementor-element-50ee17e elementor-widget elementor-widget-spacer\" data-id=\"50ee17e\" data-element_type=\"widget\" data-widget_type=\"spacer.default\">\n\t\t\t\t<div class=\"elementor-widget-container\">\n\t\t\t\t\t\t\t<div class=\"elementor-spacer\">\n\t\t\t<div class=\"elementor-spacer-inner\"><\/div>\n\t\t<\/div>\n\t\t\t\t\t\t<\/div>\n\t\t\t\t<\/div>\n\t\t\t\t\t<\/div>\n\t\t\t\t<\/div>\n\t\t<div class=\"elementor-element elementor-element-3731b68 e-flex e-con-boxed e-con e-parent\" data-id=\"3731b68\" data-element_type=\"container\" data-settings=\"{&quot;background_background&quot;:&quot;classic&quot;}\">\n\t\t\t\t\t<div class=\"e-con-inner\">\n\t\t\t\t<div class=\"elementor-element elementor-element-2479e55 elementor-widget elementor-widget-text-editor\" data-id=\"2479e55\" data-element_type=\"widget\" data-widget_type=\"text-editor.default\">\n\t\t\t\t<div class=\"elementor-widget-container\">\n\t\t\t\t\t\t\t\t\t<p>Harditec O\u00dc<br>Lennuki 8-22, 44317, Rakvere<br>\u00c4riregistri nr.: 17244806<br>KMKR nr.: EE102870918<br><span style=\"font-size: 1rem;\">tel.: +372 53471633<br><\/span><span style=\"font-size: 1rem;\">e-post: harditec@outlook.com<\/span><\/p>\t\t\t\t\t\t\t\t<\/div>\n\t\t\t\t<\/div>\n\t\t\t\t\t<\/div>\n\t\t\t\t<\/div>\n\t\t\t\t<\/div>\n\t\t","protected":false},"excerpt":{"rendered":"<p>IT ja videovalve Videovalve lahendusedArvutiv\u00f5rkude ehitus ja haldusVeebilehtede tegemineVoogedastus lahendusedServerid Koduautommatika ja elektroonika Seadmete automatiseerimine ja kaughalduselektroonika erilahendused Heli ja valgus installatsioon Kodu ja \u00e4rihoonete heli lahendused V\u00f5ta \u00fchendust hardi@harditec.ee Harditec O\u00dcLennuki 8-22, 44317, Rakvere\u00c4riregistri nr.: 17244806KMKR nr.: EE102870918tel.: +372 53471633e-post: harditec@outlook.com<\/p>\n","protected":false},"author":1,"featured_media":0,"parent":0,"menu_order":0,"comment_status":"closed","ping_status":"closed","template":"default-template.php","meta":{"footnotes":""},"class_list":["post-11","page","type-page","status-publish","hentry"],"_links":{"self":[{"href":"https:\/\/harditec.ee\/index.php?rest_route=\/wp\/v2\/pages\/11","targetHints":{"allow":["GET"]}}],"collection":[{"href":"https:\/\/harditec.ee\/index.php?rest_route=\/wp\/v2\/pages"}],"about":[{"href":"https:\/\/harditec.ee\/index.php?rest_route=\/wp\/v2\/types\/page"}],"author":[{"embeddable":true,"href":"https:\/\/harditec.ee\/index.php?rest_route=\/wp\/v2\/users\/1"}],"replies":[{"embeddable":true,"href":"https:\/\/harditec.ee\/index.php?rest_route=%2Fwp%2Fv2%2Fcomments&post=11"}],"version-history":[{"count":45,"href":"https:\/\/harditec.ee\/index.php?rest_route=\/wp\/v2\/pages\/11\/revisions"}],"predecessor-version":[{"id":112,"href":"https:\/\/harditec.ee\/index.php?rest_route=\/wp\/v2\/pages\/11\/revisions\/112"}],"wp:attachment":[{"href":"https:\/\/harditec.ee\/index.php?rest_route=%2Fwp%2Fv2%2Fmedia&parent=11"}],"curies":[{"name":"wp","href":"https:\/\/api.w.org\/{rel}","templated":true}]}}